{"id":201,"date":"2019-04-06T17:30:23","date_gmt":"2019-04-06T20:30:23","guid":{"rendered":"http:\/\/www.nutrimedrj.com.br\/?page_id=201"},"modified":"2024-02-07T20:04:39","modified_gmt":"2024-02-07T23:04:39","slug":"infraestrutura","status":"publish","type":"page","link":"https:\/\/www.nutrimedrj.com.br\/index.php\/infraestrutura\/","title":{"rendered":"Infraestrutura"},"content":{"rendered":"<p>[vc_row full_width=&#8221;stretch_row_content_no_spaces&#8221; el_class=&#8221;banner-img&#8221; css=&#8221;.vc_custom_1554818602851{margin-bottom: 35px !important;}&#8221;][vc_column offset=&#8221;vc_hidden-xs&#8221;][vc_empty_space height=&#8221;450px&#8221; css=&#8221;.vc_custom_1707346289896{background-image: url(http:\/\/www.nutrimedrj.com.br\/wp-content\/uploads\/2024\/02\/IN.png?id=929) !important;background-position: center !important;background-repeat: no-repeat !important;background-size: cover !important;}&#8221;][\/vc_column][vc_column offset=&#8221;vc_hidden-lg vc_hidden-md vc_hidden-sm&#8221;][vc_empty_space height=&#8221;200px&#8221; css=&#8221;.vc_custom_1554835253103{background-image: url(http:\/\/www.nutrimedrj.com.br\/wp-content\/uploads\/2019\/04\/infraestrutura-banner.png?id=258) !important;background-position: center !important;background-repeat: no-repeat !important;background-size: cover !important;}&#8221;][\/vc_column][\/vc_row][vc_row css=&#8221;.vc_custom_1554583804848{margin-top: 40px !important;margin-bottom: 40px !important;}&#8221;][vc_column][\/vc_column][\/vc_row][vc_row full_width=&#8221;stretch_row_content_no_spaces&#8221; content_placement=&#8221;middle&#8221; css=&#8221;.vc_custom_1555007826117{background-color: #15416f !important;}&#8221;][vc_column width=&#8221;1\/3&#8243;][vc_column_text css=&#8221;.vc_custom_1555007582365{padding-top: 50px !important;padding-right: 50px !important;padding-bottom: 50px !important;padding-left: 50px !important;}&#8221;]A Nutrimed ocupa uma \u00e1rea total de 906m2. As instala\u00e7\u00f5es atendem as exig\u00eancias do Minist\u00e9rio da Sa\u00fade, com implanta\u00e7\u00e3o de APPCC (An\u00e1lise de Pontos Cr\u00edticos de Controle), POP&#8217;s, Manual de Boas Pr\u00e1ticas, valida\u00e7\u00e3o de todos os processos cr\u00edticos que envolvem a produ\u00e7\u00e3o, higieniza\u00e7\u00e3o de m\u00e3os e insumos. Diariamente s\u00e3o feitos check lists e an\u00e1lises de todos os processos.[\/vc_column_text][\/vc_column][vc_column width=&#8221;1\/3&#8243;][vc_empty_space height=&#8221;400px&#8221; css=&#8221;.vc_custom_1707346857158{background-image: url(http:\/\/www.nutrimedrj.com.br\/wp-content\/uploads\/2024\/02\/5.png?id=934) !important;background-position: center !important;background-repeat: no-repeat !important;background-size: cover !important;}&#8221;][\/vc_column][vc_column width=&#8221;1\/3&#8243;][vc_empty_space height=&#8221;400px&#8221; css=&#8221;.vc_custom_1707346965088{background-image: url(http:\/\/www.nutrimedrj.com.br\/wp-content\/uploads\/2024\/02\/1-2.png?id=930) !important;background-position: center !important;background-repeat: no-repeat !important;background-size: cover !important;}&#8221;][\/vc_column][\/vc_row][vc_row full_width=&#8221;stretch_row_content_no_spaces&#8221; content_placement=&#8221;middle&#8221; css=&#8221;.vc_custom_1555007791153{background-color: #00559c !important;}&#8221;][vc_column width=&#8221;1\/3&#8243;][vc_empty_space height=&#8221;400px&#8221; css=&#8221;.vc_custom_1707346876556{background-image: url(http:\/\/www.nutrimedrj.com.br\/wp-content\/uploads\/2024\/02\/6-1.png?id=935) !important;background-position: center !important;background-repeat: no-repeat !important;background-size: cover !important;}&#8221;][\/vc_column][vc_column width=&#8221;1\/3&#8243;][vc_column_text css=&#8221;.vc_custom_1555007588653{padding-top: 50px !important;padding-right: 50px !important;padding-bottom: 50px !important;padding-left: 50px !important;}&#8221;]A empresa possui \u00e1reas espec\u00edficas para cada setor e cumpre todas as exig\u00eancias com rela\u00e7\u00e3o \u00e0 qualidade da \u00e1gua segundo a Portaria 2914\/2011, sendo um dos crit\u00e9rios na garantia da qualidade do produto final.[\/vc_column_text][\/vc_column][vc_column width=&#8221;1\/3&#8243;][vc_empty_space height=&#8221;400px&#8221; css=&#8221;.vc_custom_1707346978523{background-image: url(http:\/\/www.nutrimedrj.com.br\/wp-content\/uploads\/2024\/02\/2-2.png?id=931) !important;background-position: center !important;background-repeat: no-repeat !important;background-size: cover !important;}&#8221;][\/vc_column][\/vc_row][vc_row full_width=&#8221;stretch_row_content_no_spaces&#8221; content_placement=&#8221;middle&#8221; css=&#8221;.vc_custom_1555007809459{margin-bottom: 25px !important;background-color: #0081a4 !important;}&#8221;][vc_column width=&#8221;1\/3&#8243;][vc_empty_space height=&#8221;400px&#8221; css=&#8221;.vc_custom_1707346899348{background-image: url(http:\/\/www.nutrimedrj.com.br\/wp-content\/uploads\/2024\/02\/4-1.png?id=933) !important;background-position: center !important;background-repeat: no-repeat !important;background-size: cover !important;}&#8221;][\/vc_column][vc_column width=&#8221;1\/3&#8243;][vc_empty_space height=&#8221;400px&#8221; css=&#8221;.vc_custom_1707346917544{background-image: url(http:\/\/www.nutrimedrj.com.br\/wp-content\/uploads\/2024\/02\/3-2.png?id=932) !important;background-position: center !important;background-repeat: no-repeat !important;background-size: cover !important;}&#8221;][\/vc_column][vc_column width=&#8221;1\/3&#8243;][vc_column_text css=&#8221;.vc_custom_1555007595012{padding-top: 50px !important;padding-right: 50px !important;padding-bottom: 50px !important;padding-left: 50px !important;}&#8221;]Todas as entregas s\u00e3o realizadas em ve\u00edculo pr\u00f3prio (carro ou moto), em bolsas t\u00e9rmicas contendo term\u00f4metros digitais para aferi\u00e7\u00e3o da temperatura. Transporte com metodologia validada.[\/vc_column_text][\/vc_column][\/vc_row]<\/p>\n","protected":false},"excerpt":{"rendered":"<p>[vc_row full_width=&#8221;stretch_row_content_no_spaces&#8221; el_class=&#8221;banner-img&#8221; css=&#8221;.vc_custom_1554818602851{margin-bottom: 35px !important;}&#8221;][vc_column offset=&#8221;vc_hidden-xs&#8221;][vc_empty_space height=&#8221;450px&#8221; css=&#8221;.vc_custom_1707346289896{background-image: url(http:\/\/www.nutrimedrj.com.br\/wp-content\/uploads\/2024\/02\/IN.png?id=929) !important;background-position: center !important;background-repeat: no-repeat !important;background-size: cover !important;}&#8221;][\/vc_column][vc_column offset=&#8221;vc_hidden-lg vc_hidden-md vc_hidden-sm&#8221;][vc_empty_space height=&#8221;200px&#8221; css=&#8221;.vc_custom_1554835253103{background-image: url(http:\/\/www.nutrimedrj.com.br\/wp-content\/uploads\/2019\/04\/infraestrutura-banner.png?id=258) !important;background-position: center !important;background-repeat: no-repeat !important;background-size: cover !important;}&#8221;][\/vc_column][\/vc_row][vc_row css=&#8221;.vc_custom_1554583804848{margin-top: 40px !important;margin-bottom: 40px !important;}&#8221;][vc_column][\/vc_column][\/vc_row][vc_row full_width=&#8221;stretch_row_content_no_spaces&#8221; content_placement=&#8221;middle&#8221; css=&#8221;.vc_custom_1555007826117{background-color: #15416f !important;}&#8221;][vc_column [&hellip;]<\/p>\n","protected":false},"author":1,"featured_media":0,"parent":0,"menu_order":0,"comment_status":"closed","ping_status":"closed","template":"","meta":[],"_links":{"self":[{"href":"https:\/\/www.nutrimedrj.com.br\/index.php\/wp-json\/wp\/v2\/pages\/201"}],"collection":[{"href":"https:\/\/www.nutrimedrj.com.br\/index.php\/wp-json\/wp\/v2\/pages"}],"about":[{"href":"https:\/\/www.nutrimedrj.com.br\/index.php\/wp-json\/wp\/v2\/types\/page"}],"author":[{"embeddable":true,"href":"https:\/\/www.nutrimedrj.com.br\/index.php\/wp-json\/wp\/v2\/users\/1"}],"replies":[{"embeddable":true,"href":"https:\/\/www.nutrimedrj.com.br\/index.php\/wp-json\/wp\/v2\/comments?post=201"}],"version-history":[{"count":0,"href":"https:\/\/www.nutrimedrj.com.br\/index.php\/wp-json\/wp\/v2\/pages\/201\/revisions"}],"wp:attachment":[{"href":"https:\/\/www.nutrimedrj.com.br\/index.php\/wp-json\/wp\/v2\/media?parent=201"}],"curies":[{"name":"wp","href":"https:\/\/api.w.org\/{rel}","templated":true}]}}