{"id":273,"date":"2019-04-09T11:16:27","date_gmt":"2019-04-09T14:16:27","guid":{"rendered":"http:\/\/www.nutrimedrj.com.br\/?page_id=273"},"modified":"2024-08-05T17:06:48","modified_gmt":"2024-08-05T20:06:48","slug":"servicos","status":"publish","type":"page","link":"https:\/\/www.nutrimedrj.com.br\/index.php\/servicos\/","title":{"rendered":"Servi\u00e7os"},"content":{"rendered":"<p>[vc_row full_width=&#8221;stretch_row_content_no_spaces&#8221; el_class=&#8221;banner-img&#8221; css=&#8221;.vc_custom_1554818602851{margin-bottom: 35px !important;}&#8221;][vc_column offset=&#8221;vc_hidden-xs&#8221;][vc_empty_space height=&#8221;450px&#8221; css=&#8221;.vc_custom_1707343509272{background-image: url(http:\/\/www.nutrimedrj.com.br\/wp-content\/uploads\/2024\/02\/BANNER-A-NUTRIMED5.png?id=910) !important;background-position: center !important;background-repeat: no-repeat !important;background-size: cover !important;}&#8221;][\/vc_column][vc_column offset=&#8221;vc_hidden-lg vc_hidden-md vc_hidden-sm&#8221;][vc_empty_space height=&#8221;200px&#8221; css=&#8221;.vc_custom_1554819385647{background-image: url(http:\/\/www.nutrimedrj.com.br\/wp-content\/uploads\/2019\/04\/servicos-banner.png?id=274) !important;background-position: center !important;background-repeat: no-repeat !important;background-size: cover !important;}&#8221;][\/vc_column][\/vc_row][vc_row css=&#8221;.vc_custom_1554583804848{margin-top: 40px !important;margin-bottom: 40px !important;}&#8221;][vc_column][\/vc_column][\/vc_row][vc_row equal_height=&#8221;yes&#8221; row_content_width=&#8221;grid&#8221; css=&#8221;.vc_custom_1554821251174{background-color: #ffffff !important;}&#8221; el_class=&#8221;nao-cel&#8221;][vc_column width=&#8221;1\/2&#8243; el_class=&#8221;sem-padding&#8221; css=&#8221;.vc_custom_1707343798116{background-image: url(http:\/\/www.nutrimedrj.com.br\/wp-content\/uploads\/2024\/02\/mini-servi\u00e7o.png?id=911) !important;background-position: center !important;background-repeat: no-repeat !important;background-size: cover !important;}&#8221;][vc_empty_space height=&#8221;200px&#8221; css=&#8221;.vc_custom_1554820404631{background-position: center !important;background-repeat: no-repeat !important;background-size: cover !important;}&#8221;][\/vc_column][vc_column width=&#8221;1\/2&#8243; el_class=&#8221;sem-padding&#8221;][vc_column_text css=&#8221;.vc_custom_1711535431297{padding-top: 60px !important;padding-right: 60px !important;padding-bottom: 60px !important;padding-left: 60px !important;}&#8221;]<\/p>\n<h2>SETOR PARENTERAL<\/h2>\n<p><span style=\"font-weight: 400;\">A NP \u00e9 um produto individualizado, ou seja, cada paciente recebe uma bolsa de solu\u00e7\u00e3o intravenosa prescrita, pelo m\u00e9dico, ap\u00f3s avalia\u00e7\u00e3o das necessidades individuais do paciente. A prescri\u00e7\u00e3o \u00e9 recebida pelos farmac\u00eauticos,\u00a0 que realizam a an\u00e1lise de adequa\u00e7\u00e3o cl\u00ednica, compatibilidade e estabilidade e, a transmite, via sistema, \u00e0 \u00e1rea de produ\u00e7\u00e3o. Ap\u00f3s manipuladas, inspecionadas, rotuladas e embaladas, as bolsas de NP s\u00e3o conservadas em refrigeradores<\/span>\u00a0com temperatura controlada de 2\u00b0 a 8\u00b0C at\u00e9 o momento da sua dispensa\u00e7\u00e3o \u00e0s institui\u00e7\u00f5es hospitalares.[\/vc_column_text][\/vc_column][\/vc_row][vc_row equal_height=&#8221;yes&#8221; row_content_width=&#8221;grid&#8221; css=&#8221;.vc_custom_1554821260511{background-color: #ffffff !important;}&#8221; el_class=&#8221;so-cel&#8221;][vc_column width=&#8221;1\/2&#8243; el_class=&#8221;sem-padding&#8221; css=&#8221;.vc_custom_1707344132377{background-image: url(http:\/\/www.nutrimedrj.com.br\/wp-content\/uploads\/2024\/02\/mini-servi\u00e7o.png?id=911) !important;background-position: center !important;background-repeat: no-repeat !important;background-size: cover !important;}&#8221;][vc_empty_space height=&#8221;200px&#8221; css=&#8221;.vc_custom_1554820404631{background-position: center !important;background-repeat: no-repeat !important;background-size: cover !important;}&#8221;][\/vc_column][vc_column width=&#8221;1\/2&#8243; el_class=&#8221;sem-padding&#8221;][vc_column_text css=&#8221;.vc_custom_1711535443111{padding-top: 20px !important;padding-right: 20px !important;padding-bottom: 20px !important;padding-left: 20px !important;}&#8221;]<\/p>\n<h2>SETOR PARENTERAL<\/h2>\n<p><span style=\"font-weight: 400;\">A NP \u00e9 um produto individualizado, ou seja, cada paciente recebe uma bolsa de solu\u00e7\u00e3o intravenosa prescrita, pelo m\u00e9dico, ap\u00f3s avalia\u00e7\u00e3o das necessidades individuais do paciente. A prescri\u00e7\u00e3o \u00e9 recebida pelos farmac\u00eauticos,\u00a0 que realizam a an\u00e1lise de adequa\u00e7\u00e3o cl\u00ednica, compatibilidade e estabilidade e, a transmite, via sistema, \u00e0 \u00e1rea de produ\u00e7\u00e3o. Ap\u00f3s manipuladas, inspecionadas, rotuladas e embaladas, as bolsas de NP s\u00e3o conservadas em refrigeradores<\/span>\u00a0com temperatura controlada de 2\u00b0 a 8\u00b0C at\u00e9 o momento da sua dispensa\u00e7\u00e3o \u00e0s institui\u00e7\u00f5es hospitalares.[\/vc_column_text][\/vc_column][\/vc_row][vc_row equal_height=&#8221;yes&#8221; row_content_width=&#8221;grid&#8221; css=&#8221;.vc_custom_1554820943710{background-color: #ffffff !important;}&#8221; el_class=&#8221;nao-cel&#8221;][vc_column width=&#8221;1\/2&#8243; el_class=&#8221;sem-padding&#8221;][vc_column_text css=&#8221;.vc_custom_1711535581473{padding-top: 60px !important;padding-right: 60px !important;padding-bottom: 60px !important;padding-left: 60px !important;}&#8221;]<\/p>\n<h2 style=\"width: 100% !important; text-align: right !important;\">SETOR ENTERAL<\/h2>\n<p class=\"azul\" style=\"margin-top: -10px !important; text-align: right; font-size: 20px;\">PRODU\u00c7\u00c3O<\/p>\n<p style=\"text-align: right;\"><span style=\"font-weight: 400;\">A Nutrimed terceiriza, para hospitais p\u00fablicos\/ privados\u00a0 e empresa de home care, a manipula\u00e7\u00e3o de F\u00f3rmulas Infantis e <\/span><span style=\"font-weight: 400;\">nutri\u00e7\u00e3o enteral<\/span>, cumprindo todas as normas t\u00e9cnicas estabelecidas pelo Minist\u00e9rio da Sa\u00fade para preparo destas, garantindo assim um alto padr\u00e3o de qualidade.<\/p>\n<p style=\"text-align: right;\">S\u00e3o utilizadas diversas dietas e m\u00f3dulos, possibilitando a individualiza\u00e7\u00e3o da prescri\u00e7\u00e3o, al\u00e9m de diferentes apresenta\u00e7\u00f5es e tamanhos de embalagens.<\/p>\n<p style=\"text-align: right;\"><span style=\"font-weight: 400;\">Contamos com processo de duplo check desde o recebimento da prescri\u00e7\u00e3o at\u00e9 a dispensa\u00e7\u00e3o do produto.<\/span>\u00a0Al\u00e9m disso, visando maior agilidade e conveni\u00eancia, possu\u00edmos o servi\u00e7o de prescri\u00e7\u00e3o online das nutri\u00e7\u00f5es parenterais.<\/p>\n<p>[\/vc_column_text][\/vc_column][vc_column width=&#8221;1\/2&#8243; el_class=&#8221;sem-padding&#8221; css=&#8221;.vc_custom_1707344239952{background-image: url(http:\/\/www.nutrimedrj.com.br\/wp-content\/uploads\/2024\/02\/mini-servi\u00e7o3.png?id=913) !important;background-position: center !important;background-repeat: no-repeat !important;background-size: cover !important;}&#8221;][vc_empty_space height=&#8221;200px&#8221; css=&#8221;.vc_custom_1554820404631{background-position: center !important;background-repeat: no-repeat !important;background-size: cover !important;}&#8221;][\/vc_column][\/vc_row][vc_row equal_height=&#8221;yes&#8221; row_content_width=&#8221;grid&#8221; css=&#8221;.vc_custom_1554821081383{background-color: #ffffff !important;}&#8221; el_class=&#8221;so-cel&#8221;][vc_column width=&#8221;1\/2&#8243; el_class=&#8221;sem-padding&#8221; css=&#8221;.vc_custom_1707344256414{background-image: url(http:\/\/www.nutrimedrj.com.br\/wp-content\/uploads\/2024\/02\/mini-servi\u00e7o3.png?id=913) !important;background-position: center !important;background-repeat: no-repeat !important;background-size: cover !important;}&#8221;][vc_empty_space height=&#8221;200px&#8221; css=&#8221;.vc_custom_1554820404631{background-position: center !important;background-repeat: no-repeat !important;background-size: cover !important;}&#8221;][\/vc_column][vc_column width=&#8221;1\/2&#8243; el_class=&#8221;sem-padding&#8221;][vc_column_text css=&#8221;.vc_custom_1711535599904{padding-top: 20px !important;padding-right: 20px !important;padding-bottom: 20px !important;padding-left: 20px !important;}&#8221;]<\/p>\n<h2 style=\"width: 100% !important; text-align: left;\">SETOR ENTERAL<\/h2>\n<p class=\"azul\" style=\"margin-top: -10px !important; font-size: 20px; text-align: left;\">PRODU\u00c7\u00c3O<\/p>\n<p style=\"text-align: left;\"><span style=\"font-weight: 400;\">A Nutrimed terceiriza, para hospitais p\u00fablicos\/ privados\u00a0 e empresa de home care, a manipula\u00e7\u00e3o de F\u00f3rmulas Infantis e <\/span><span style=\"font-weight: 400;\">nutri\u00e7\u00e3o enteral<\/span>, cumprindo todas as normas t\u00e9cnicas estabelecidas pelo Minist\u00e9rio da Sa\u00fade para preparo destas, garantindo assim um alto padr\u00e3o de qualidade.<\/p>\n<p style=\"text-align: left;\">S\u00e3o utilizadas diversas dietas e m\u00f3dulos, possibilitando a individualiza\u00e7\u00e3o da prescri\u00e7\u00e3o, al\u00e9m de diferentes apresenta\u00e7\u00f5es e tamanhos de embalagens.<\/p>\n<p style=\"text-align: left;\"><span style=\"font-weight: 400;\">Contamos com processo de duplo check desde o recebimento da prescri\u00e7\u00e3o at\u00e9 a dispensa\u00e7\u00e3o do produto.<\/span>\u00a0Al\u00e9m disso, visando maior agilidade e conveni\u00eancia, possu\u00edmos o servi\u00e7o de prescri\u00e7\u00e3o online das nutri\u00e7\u00f5es parenterais.<\/p>\n<p>[\/vc_column_text][\/vc_column][\/vc_row][vc_row equal_height=&#8221;yes&#8221; row_content_width=&#8221;grid&#8221; css=&#8221;.vc_custom_1554821283346{margin-bottom: 80px !important;background-color: #ffffff !important;}&#8221; el_class=&#8221;nao-cel&#8221;][vc_column width=&#8221;1\/2&#8243; el_class=&#8221;sem-padding&#8221; css=&#8221;.vc_custom_1713525884231{background-image: url(http:\/\/www.nutrimedrj.com.br\/wp-content\/uploads\/2024\/04\/mini.png?id=1007) !important;background-position: center !important;background-repeat: no-repeat !important;background-size: cover !important;}&#8221;][vc_empty_space height=&#8221;200px&#8221; css=&#8221;.vc_custom_1554820404631{background-position: center !important;background-repeat: no-repeat !important;background-size: cover !important;}&#8221;][\/vc_column][vc_column width=&#8221;1\/2&#8243; el_class=&#8221;sem-padding&#8221;][vc_column_text css=&#8221;.vc_custom_1722888404032{padding-top: 60px !important;padding-right: 60px !important;padding-bottom: 60px !important;padding-left: 60px !important;}&#8221;]<\/p>\n<h2><strong>DISTRIBUIDOR MULTIMARCAS<\/strong><\/h2>\n<p>A Nutrimed \u00e9 uma distribuidora multimarcas de dietas enterais, suplementos e f\u00f3rmulas infantis industrializadas, e conta com uma linha completa de produtos das marcas, entre elas:<\/p>\n<ul>\n<li>Prodiet<\/li>\n<li>Fresenius Kabi<\/li>\n<li>Nestl\u00e9<\/li>\n<li>Danone<\/li>\n<li>Vitafor<\/li>\n<\/ul>\n<p>[\/vc_column_text][\/vc_column][\/vc_row][vc_row equal_height=&#8221;yes&#8221; row_content_width=&#8221;grid&#8221; css=&#8221;.vc_custom_1554821291788{margin-bottom: 80px !important;background-color: #ffffff !important;}&#8221; el_class=&#8221;so-cel&#8221;][vc_column width=&#8221;1\/2&#8243; el_class=&#8221;sem-padding&#8221; css=&#8221;.vc_custom_1713525897911{background-position: center !important;background-repeat: no-repeat !important;background-size: cover !important;}&#8221;][vc_empty_space height=&#8221;200px&#8221; css=&#8221;.vc_custom_1554820404631{background-position: center !important;background-repeat: no-repeat !important;background-size: cover !important;}&#8221;][\/vc_column][vc_column width=&#8221;1\/2&#8243; el_class=&#8221;sem-padding&#8221;][vc_column_text css=&#8221;.vc_custom_1711534613467{padding-top: 20px !important;padding-right: 20px !important;padding-bottom: 20px !important;padding-left: 20px !important;}&#8221;]<\/p>\n<h2><span style=\"font-weight: 400;\">DISTRIBUIDOR MULTIMARCAS<\/span><\/h2>\n<p>A Nutrimed \u00e9 uma distribuidora multimarcas de dietas enterais, suplementos e f\u00f3rmulas l\u00e1cteas industrializadas, e conta com uma linha completa de produtos das marcas, entre elas:<\/p>\n<ul>\n<li>Prodiet<\/li>\n<li>Fresenius Kabi<\/li>\n<li>Nestl\u00e9<\/li>\n<li>Danone<\/li>\n<li>Vitafor<\/li>\n<\/ul>\n<p>[\/vc_column_text][\/vc_column][\/vc_row]<\/p>\n","protected":false},"excerpt":{"rendered":"<p>[vc_row full_width=&#8221;stretch_row_content_no_spaces&#8221; el_class=&#8221;banner-img&#8221; css=&#8221;.vc_custom_1554818602851{margin-bottom: 35px !important;}&#8221;][vc_column offset=&#8221;vc_hidden-xs&#8221;][vc_empty_space height=&#8221;450px&#8221; css=&#8221;.vc_custom_1707343509272{background-image: url(http:\/\/www.nutrimedrj.com.br\/wp-content\/uploads\/2024\/02\/BANNER-A-NUTRIMED5.png?id=910) !important;background-position: center !important;background-repeat: no-repeat !important;background-size: cover !important;}&#8221;][\/vc_column][vc_column offset=&#8221;vc_hidden-lg vc_hidden-md vc_hidden-sm&#8221;][vc_empty_space height=&#8221;200px&#8221; css=&#8221;.vc_custom_1554819385647{background-image: url(http:\/\/www.nutrimedrj.com.br\/wp-content\/uploads\/2019\/04\/servicos-banner.png?id=274) !important;background-position: center !important;background-repeat: no-repeat !important;background-size: cover !important;}&#8221;][\/vc_column][\/vc_row][vc_row css=&#8221;.vc_custom_1554583804848{margin-top: 40px !important;margin-bottom: 40px !important;}&#8221;][vc_column][\/vc_column][\/vc_row][vc_row equal_height=&#8221;yes&#8221; row_content_width=&#8221;grid&#8221; css=&#8221;.vc_custom_1554821251174{background-color: #ffffff !important;}&#8221; [&hellip;]<\/p>\n","protected":false},"author":1,"featured_media":0,"parent":0,"menu_order":0,"comment_status":"closed","ping_status":"closed","template":"","meta":[],"_links":{"self":[{"href":"https:\/\/www.nutrimedrj.com.br\/index.php\/wp-json\/wp\/v2\/pages\/273"}],"collection":[{"href":"https:\/\/www.nutrimedrj.com.br\/index.php\/wp-json\/wp\/v2\/pages"}],"about":[{"href":"https:\/\/www.nutrimedrj.com.br\/index.php\/wp-json\/wp\/v2\/types\/page"}],"author":[{"embeddable":true,"href":"https:\/\/www.nutrimedrj.com.br\/index.php\/wp-json\/wp\/v2\/users\/1"}],"replies":[{"embeddable":true,"href":"https:\/\/www.nutrimedrj.com.br\/index.php\/wp-json\/wp\/v2\/comments?post=273"}],"version-history":[{"count":0,"href":"https:\/\/www.nutrimedrj.com.br\/index.php\/wp-json\/wp\/v2\/pages\/273\/revisions"}],"wp:attachment":[{"href":"https:\/\/www.nutrimedrj.com.br\/index.php\/wp-json\/wp\/v2\/media?parent=273"}],"curies":[{"name":"wp","href":"https:\/\/api.w.org\/{rel}","templated":true}]}}