{"id":490,"date":"2019-04-17T15:13:14","date_gmt":"2019-04-17T18:13:14","guid":{"rendered":"http:\/\/www.nutrimedrj.com.br\/?page_id=490"},"modified":"2025-09-12T20:06:49","modified_gmt":"2025-09-12T23:06:49","slug":"bulas","status":"publish","type":"page","link":"https:\/\/www.nutrimedrj.com.br\/index.php\/bulas\/","title":{"rendered":"Bulas"},"content":{"rendered":"<p>[vc_row full_width=&#8221;stretch_row_content_no_spaces&#8221; el_class=&#8221;banner-img&#8221; css=&#8221;.vc_custom_1554818602851{margin-bottom: 35px !important;}&#8221;][vc_column offset=&#8221;vc_hidden-xs&#8221;][vc_empty_space height=&#8221;450px&#8221; css=&#8221;.vc_custom_1707344802167{background-image: url(http:\/\/www.nutrimedrj.com.br\/wp-content\/uploads\/2024\/02\/BU.png?id=918) !important;background-position: center !important;background-repeat: no-repeat !important;background-size: cover !important;}&#8221;][\/vc_column][vc_column offset=&#8221;vc_hidden-lg vc_hidden-md vc_hidden-sm&#8221;][vc_empty_space height=&#8221;200px&#8221; css=&#8221;.vc_custom_1555524776551{background-position: center !important;background-repeat: no-repeat !important;background-size: cover !important;}&#8221;][\/vc_column][\/vc_row][vc_row css=&#8221;.vc_custom_1554583804848{margin-top: 40px !important;margin-bottom: 40px !important;}&#8221;][vc_column][vc_column_text]Clique para abrir o arquivo das bulas em .pdf[\/vc_column_text][\/vc_column][\/vc_row][vc_row css=&#8221;.vc_custom_1555606516901{padding-bottom: 120px !important;}&#8221; el_class=&#8221;links-bulas&#8221;][vc_column width=&#8221;1\/2&#8243;][vc_column_text]<img decoding=\"async\" loading=\"lazy\" class=\"size-full wp-image-494 alignleft\" src=\"http:\/\/www.nutrimedrj.com.br\/wp-content\/uploads\/2019\/04\/bulas-ico.png\" alt=\"\" width=\"41\" height=\"48\" \/><\/p>\n<p class=\"azul\" style=\"float: left; font-weight: bold;\"><a href=\"https:\/\/www.nutrimedrj.com.br\/bulas\/ACETATO-DE-SODIO.pdf\" target=\"_blank\" rel=\"noopener noreferrer\">Acetato de S\u00f3dio<\/a><\/p>\n<p>[\/vc_column_text][vc_column_text]<\/p>\n<div style=\"clear: both;\"><\/div>\n<p>[\/vc_column_text][vc_column_text]<img decoding=\"async\" loading=\"lazy\" class=\"size-full wp-image-494 alignleft\" src=\"http:\/\/www.nutrimedrj.com.br\/wp-content\/uploads\/2019\/04\/bulas-ico.png\" alt=\"\" width=\"41\" height=\"48\" \/><\/p>\n<p class=\"azul\" style=\"float: left; font-weight: bold;\"><a href=\"http:\/\/www.nutrimedrj.com.br\/bulas\/AGUA-PARA-INJECAO.pdf\" target=\"_blank\" rel=\"noopener noreferrer\">\u00c1gua para inje\u00e7\u00e3o<\/a><\/p>\n<p>[\/vc_column_text][vc_column_text]<\/p>\n<div style=\"clear: both;\"><\/div>\n<p>[\/vc_column_text][vc_column_text]<img decoding=\"async\" loading=\"lazy\" class=\"size-full wp-image-494 alignleft\" src=\"http:\/\/www.nutrimedrj.com.br\/wp-content\/uploads\/2019\/04\/bulas-ico.png\" alt=\"\" width=\"41\" height=\"48\" \/><\/p>\n<p class=\"azul\" style=\"float: left; font-weight: bold;\"><a href=\"http:\/\/www.nutrimedrj.com.br\/bulas\/AMINOSTERIL-N-HEPA.pdf\" target=\"_blank\" rel=\"noopener noreferrer\">Aminosteril H Hepa<\/a><\/p>\n<p>[\/vc_column_text][vc_column_text]<\/p>\n<div style=\"clear: both;\"><\/div>\n<p>[\/vc_column_text][vc_column_text]<img decoding=\"async\" loading=\"lazy\" class=\"size-full wp-image-494 alignleft\" src=\"http:\/\/www.nutrimedrj.com.br\/wp-content\/uploads\/2019\/04\/bulas-ico.png\" alt=\"\" width=\"41\" height=\"48\" \/><\/p>\n<p class=\"azul\" style=\"float: left; font-weight: bold;\"><a href=\"http:\/\/www.nutrimedrj.com.br\/bulas\/AMINOVEN-10-INFANT-AMINOVEN-10-ADULTO.pdf\" target=\"_blank\" rel=\"noopener noreferrer\">Aminoven 10% Infant Aminoven 10% Adulto<\/a><\/p>\n<p>[\/vc_column_text][vc_column_text]<\/p>\n<div style=\"clear: both;\"><\/div>\n<p>[\/vc_column_text][vc_column_text]<img decoding=\"async\" loading=\"lazy\" class=\"size-full wp-image-494 alignleft\" src=\"http:\/\/www.nutrimedrj.com.br\/wp-content\/uploads\/2019\/04\/bulas-ico.png\" alt=\"\" width=\"41\" height=\"48\" \/><\/p>\n<p class=\"azul\" style=\"float: left; font-weight: bold;\"><a href=\"http:\/\/www.nutrimedrj.com.br\/bulas\/CERNE-12.pdf\">Cerne- 12<\/a><\/p>\n<p>[\/vc_column_text][vc_column_text]<\/p>\n<div style=\"clear: both;\"><\/div>\n<p>[\/vc_column_text][vc_column_text]<img decoding=\"async\" loading=\"lazy\" class=\"size-full wp-image-494 alignleft\" src=\"http:\/\/www.nutrimedrj.com.br\/wp-content\/uploads\/2019\/04\/bulas-ico.png\" alt=\"\" width=\"41\" height=\"48\" \/><\/p>\n<p class=\"azul\" style=\"float: left; font-weight: bold;\"><a href=\"https:\/\/www.nutrimedrj.com.br\/bula\/CLORETO-DE-POTASSIO.pdf\" target=\"_blank\" rel=\"noopener noreferrer\">Cloreto de Pot\u00e1ssio<\/a><\/p>\n<p>[\/vc_column_text][vc_column_text]<\/p>\n<div style=\"clear: both;\"><\/div>\n<p>[\/vc_column_text][vc_column_text]<img decoding=\"async\" loading=\"lazy\" class=\"size-full wp-image-494 alignleft\" src=\"http:\/\/www.nutrimedrj.com.br\/wp-content\/uploads\/2019\/04\/bulas-ico.png\" alt=\"\" width=\"41\" height=\"48\" \/><\/p>\n<p class=\"azul\" style=\"float: left; font-weight: bold;\"><a href=\"http:\/\/www.nutrimedrj.com.br\/bulas\/CLORETO-DE-SODIO.pdf\" target=\"_blank\" rel=\"noopener noreferrer\">Cloreto de S\u00f3dio<\/a><\/p>\n<p>[\/vc_column_text][vc_column_text]<\/p>\n<div style=\"clear: both;\"><\/div>\n<p>[\/vc_column_text][vc_column_text]<img decoding=\"async\" loading=\"lazy\" class=\"size-full wp-image-494 alignleft\" src=\"http:\/\/www.nutrimedrj.com.br\/wp-content\/uploads\/2019\/04\/bulas-ico.png\" alt=\"\" width=\"41\" height=\"48\" \/><\/p>\n<p class=\"azul\" style=\"float: left; font-weight: bold;\"><a href=\"http:\/\/www.nutrimedrj.com.br\/bulas\/DIPEPTIVEN.pdf\" target=\"_blank\" rel=\"noopener noreferrer\">Dipeptiven<\/a><\/p>\n<p>[\/vc_column_text][vc_column_text]<\/p>\n<div style=\"clear: both;\"><\/div>\n<p>[\/vc_column_text][vc_column_text]<img decoding=\"async\" loading=\"lazy\" class=\"size-full wp-image-494 alignleft\" src=\"http:\/\/www.nutrimedrj.com.br\/wp-content\/uploads\/2019\/04\/bulas-ico.png\" alt=\"\" width=\"41\" height=\"48\" \/><\/p>\n<p class=\"azul\" style=\"float: left; font-weight: bold;\"><a href=\"http:\/\/www.nutrimedrj.com.br\/bulas\/FOSFATO-DE-POTASSIO-2mEq-mL.pdf\" target=\"_blank\" rel=\"noopener noreferrer\">Fosfato de Pot\u00e1ssio 2mEq mL<\/a><\/p>\n<p>[\/vc_column_text][vc_column_text]<\/p>\n<div style=\"clear: both;\"><\/div>\n<p>[\/vc_column_text][\/vc_column][vc_column width=&#8221;1\/2&#8243;][vc_column_text]<img decoding=\"async\" loading=\"lazy\" class=\"size-full wp-image-494 alignleft\" src=\"http:\/\/www.nutrimedrj.com.br\/wp-content\/uploads\/2019\/04\/bulas-ico.png\" alt=\"\" width=\"41\" height=\"48\" \/><\/p>\n<p class=\"azul\" style=\"float: left; font-weight: bold;\"><a href=\"http:\/\/www.nutrimedrj.com.br\/wp-content\/uploads\/2025\/09\/Gliconatodecalcio_-fresenius.pdf\" target=\"_blank\" rel=\"noopener noreferrer\">Cliconato de C\u00e1lcio 10%<\/a><\/p>\n<p>[\/vc_column_text][vc_column_text]<\/p>\n<div style=\"clear: both;\"><\/div>\n<p>[\/vc_column_text][vc_column_text]<img decoding=\"async\" loading=\"lazy\" class=\"size-full wp-image-494 alignleft\" src=\"http:\/\/www.nutrimedrj.com.br\/wp-content\/uploads\/2019\/04\/bulas-ico.png\" alt=\"\" width=\"41\" height=\"48\" \/><\/p>\n<p class=\"azul\" style=\"float: left; font-weight: bold;\"><a href=\"http:\/\/www.nutrimedrj.com.br\/wp-content\/uploads\/2025\/09\/Glicose_50_BulaProfissional-fresenius.pdf\" target=\"_blank\" rel=\"noopener noreferrer\">Glicose 50%<\/a><\/p>\n<p>[\/vc_column_text][vc_column_text]<\/p>\n<div style=\"clear: both;\"><\/div>\n<p>[\/vc_column_text][vc_column_text]<img decoding=\"async\" loading=\"lazy\" class=\"size-full wp-image-494 alignleft\" src=\"http:\/\/www.nutrimedrj.com.br\/wp-content\/uploads\/2019\/04\/bulas-ico.png\" alt=\"\" width=\"41\" height=\"48\" \/><\/p>\n<p class=\"azul\" style=\"float: left; font-weight: bold;\"><a href=\"http:\/\/www.nutrimedrj.com.br\/bulas\/GLYCOPHOS.pdf\" target=\"_blank\" rel=\"noopener noreferrer\">Glycophos<\/a><\/p>\n<p>[\/vc_column_text][vc_column_text]<\/p>\n<div style=\"clear: both;\"><\/div>\n<p>[\/vc_column_text][vc_column_text]<img decoding=\"async\" loading=\"lazy\" class=\"size-full wp-image-494 alignleft\" src=\"http:\/\/www.nutrimedrj.com.br\/wp-content\/uploads\/2019\/04\/bulas-ico.png\" alt=\"\" width=\"41\" height=\"48\" \/><\/p>\n<p class=\"azul\" style=\"float: left; font-weight: bold;\"><a href=\"http:\/\/www.nutrimedrj.com.br\/bulas\/LIPOVENOS-20-TCL-TCM.pdf\" target=\"_blank\" rel=\"noopener noreferrer\">Lipovenos 20% TCL TCM<\/a><\/p>\n<p>[\/vc_column_text][vc_column_text]<\/p>\n<div style=\"clear: both;\"><\/div>\n<p>[\/vc_column_text][vc_column_text]<img decoding=\"async\" loading=\"lazy\" class=\"size-full wp-image-494 alignleft\" src=\"http:\/\/www.nutrimedrj.com.br\/wp-content\/uploads\/2019\/04\/bulas-ico.png\" alt=\"\" width=\"41\" height=\"48\" \/><\/p>\n<p class=\"azul\" style=\"float: left; font-weight: bold;\"><a href=\"http:\/\/www.nutrimedrj.com.br\/bulas\/NEPHROTECT.pdf\" target=\"_blank\" rel=\"noopener noreferrer\">Nephrotect<\/a><\/p>\n<p>[\/vc_column_text][vc_column_text]<\/p>\n<div style=\"clear: both;\"><\/div>\n<p>[\/vc_column_text][vc_column_text]<img decoding=\"async\" loading=\"lazy\" class=\"size-full wp-image-494 alignleft\" src=\"http:\/\/www.nutrimedrj.com.br\/wp-content\/uploads\/2019\/04\/bulas-ico.png\" alt=\"\" width=\"41\" height=\"48\" \/><\/p>\n<p class=\"azul\" style=\"float: left; font-weight: bold;\"><a href=\"http:\/\/www.nutrimedrj.com.br\/bulas\/OLIGOTRAT-AD-E-PED.pdf\" target=\"_blank\" rel=\"noopener noreferrer\">Oligotrat Ad e Ped<\/a><\/p>\n<p>[\/vc_column_text][vc_column_text]<\/p>\n<div style=\"clear: both;\"><\/div>\n<p>[\/vc_column_text][vc_column_text]<img decoding=\"async\" loading=\"lazy\" class=\"size-full wp-image-494 alignleft\" src=\"http:\/\/www.nutrimedrj.com.br\/wp-content\/uploads\/2019\/04\/bulas-ico.png\" alt=\"\" width=\"41\" height=\"48\" \/><\/p>\n<p class=\"azul\" style=\"float: left; font-weight: bold;\"><a href=\"http:\/\/www.nutrimedrj.com.br\/bulas\/SMOFLIPID.pdf\" target=\"_blank\" rel=\"noopener noreferrer\">Smoflipid<\/a><\/p>\n<p>[\/vc_column_text][vc_column_text]<\/p>\n<div style=\"clear: both;\"><\/div>\n<p>[\/vc_column_text][vc_column_text]<img decoding=\"async\" loading=\"lazy\" class=\"size-full wp-image-494 alignleft\" src=\"http:\/\/www.nutrimedrj.com.br\/wp-content\/uploads\/2019\/04\/bulas-ico.png\" alt=\"\" width=\"41\" height=\"48\" \/><\/p>\n<p class=\"azul\" style=\"float: left; font-weight: bold;\"><a href=\"http:\/\/www.nutrimedrj.com.br\/bulas\/SULFATO-DE-MAGNESIO.pdf\" target=\"_blank\" rel=\"noopener noreferrer\">Sulfato de Magn\u00e9sio<\/a><\/p>\n<p>[\/vc_column_text][vc_column_text]<\/p>\n<div style=\"clear: both;\"><\/div>\n<p>[\/vc_column_text][vc_column_text]<img decoding=\"async\" loading=\"lazy\" class=\"size-full wp-image-494 alignleft\" src=\"http:\/\/www.nutrimedrj.com.br\/wp-content\/uploads\/2019\/04\/bulas-ico.png\" alt=\"\" width=\"41\" height=\"48\" \/><\/p>\n<p class=\"azul\" style=\"float: left; font-weight: bold;\"><a href=\"http:\/\/www.nutrimedrj.com.br\/bulas\/SULFATO-DE-ZINCO.pdf\" target=\"_blank\" rel=\"noopener noreferrer\">Sulfato de Zinco<\/a><\/p>\n<p>[\/vc_column_text][\/vc_column][\/vc_row]<\/p>\n","protected":false},"excerpt":{"rendered":"<p>[vc_row full_width=&#8221;stretch_row_content_no_spaces&#8221; el_class=&#8221;banner-img&#8221; css=&#8221;.vc_custom_1554818602851{margin-bottom: 35px !important;}&#8221;][vc_column offset=&#8221;vc_hidden-xs&#8221;][vc_empty_space height=&#8221;450px&#8221; css=&#8221;.vc_custom_1707344802167{background-image: url(http:\/\/www.nutrimedrj.com.br\/wp-content\/uploads\/2024\/02\/BU.png?id=918) !important;background-position: center !important;background-repeat: no-repeat !important;background-size: cover !important;}&#8221;][\/vc_column][vc_column offset=&#8221;vc_hidden-lg vc_hidden-md vc_hidden-sm&#8221;][vc_empty_space height=&#8221;200px&#8221; css=&#8221;.vc_custom_1555524776551{background-position: center !important;background-repeat: no-repeat !important;background-size: cover !important;}&#8221;][\/vc_column][\/vc_row][vc_row css=&#8221;.vc_custom_1554583804848{margin-top: 40px !important;margin-bottom: 40px !important;}&#8221;][vc_column][vc_column_text]Clique para abrir o arquivo das bulas em [&hellip;]<\/p>\n","protected":false},"author":1,"featured_media":0,"parent":0,"menu_order":0,"comment_status":"closed","ping_status":"closed","template":"","meta":[],"_links":{"self":[{"href":"https:\/\/www.nutrimedrj.com.br\/index.php\/wp-json\/wp\/v2\/pages\/490"}],"collection":[{"href":"https:\/\/www.nutrimedrj.com.br\/index.php\/wp-json\/wp\/v2\/pages"}],"about":[{"href":"https:\/\/www.nutrimedrj.com.br\/index.php\/wp-json\/wp\/v2\/types\/page"}],"author":[{"embeddable":true,"href":"https:\/\/www.nutrimedrj.com.br\/index.php\/wp-json\/wp\/v2\/users\/1"}],"replies":[{"embeddable":true,"href":"https:\/\/www.nutrimedrj.com.br\/index.php\/wp-json\/wp\/v2\/comments?post=490"}],"version-history":[{"count":7,"href":"https:\/\/www.nutrimedrj.com.br\/index.php\/wp-json\/wp\/v2\/pages\/490\/revisions"}],"predecessor-version":[{"id":1388,"href":"https:\/\/www.nutrimedrj.com.br\/index.php\/wp-json\/wp\/v2\/pages\/490\/revisions\/1388"}],"wp:attachment":[{"href":"https:\/\/www.nutrimedrj.com.br\/index.php\/wp-json\/wp\/v2\/media?parent=490"}],"curies":[{"name":"wp","href":"https:\/\/api.w.org\/{rel}","templated":true}]}}