{"id":662,"date":"2021-02-09T16:59:40","date_gmt":"2021-02-09T19:59:40","guid":{"rendered":"http:\/\/www.nutrimedrj.com.br\/?page_id=662"},"modified":"2025-09-18T10:20:33","modified_gmt":"2025-09-18T13:20:33","slug":"a-nutrimed","status":"publish","type":"page","link":"https:\/\/www.nutrimedrj.com.br\/index.php\/a-nutrimed\/","title":{"rendered":"A Nutrimed"},"content":{"rendered":"<p>[vc_row full_width=&#8221;stretch_row_content_no_spaces&#8221; el_class=&#8221;banner-img&#8221; css=&#8221;.vc_custom_1554818339026{margin-bottom: 60px !important;}&#8221;][vc_column offset=&#8221;vc_hidden-xs&#8221;][vc_empty_space height=&#8221;450px&#8221; css=&#8221;.vc_custom_1707338660970{background-image: url(http:\/\/www.nutrimedrj.com.br\/wp-content\/uploads\/2024\/02\/BANNER-A-NUTRIMED4.png?id=898) !important;background-position: center !important;background-repeat: no-repeat !important;background-size: cover !important;}&#8221;][\/vc_column][vc_column offset=&#8221;vc_hidden-lg vc_hidden-md vc_hidden-sm&#8221;][vc_empty_space height=&#8221;200px&#8221; css=&#8221;.vc_custom_1612900849474{background-image: url(http:\/\/www.nutrimedrj.com.br\/wp-content\/uploads\/2021\/02\/bannerfachada.jpg?id=645) !important;background-position: center !important;background-repeat: no-repeat !important;background-size: cover !important;}&#8221;][\/vc_column][\/vc_row][vc_row][vc_column][vc_column_text]<\/p>\n<div style=\"text-align: justify;\">\n<div class=\"linha-titulo\"><\/div>\n<h2>A Nutrimed<\/h2>\n<p><span style=\"font-weight: 400;\">A NUTRIMED nasceu em 1996 como a franquia de uma empresa de manipula\u00e7\u00e3o de nutri\u00e7\u00e3o parenteral e enteral<\/span><b>,<\/b><span style=\"font-weight: 400;\"> mas, ap\u00f3s 29 anos de muito trabalho, dedica\u00e7\u00e3o e crescimento, ampliou o escopo de sua atua\u00e7\u00e3o.<\/span><\/p>\n<p><span style=\"font-weight: 400;\">Hoje, atuamos nos segmentos de Nutri\u00e7\u00e3o Enteral e Nutri\u00e7\u00e3o Parenteral e F\u00f3rmulas Infantis, al\u00e9m de sermos distribuidores de algumas das principais marcas do mercado de Sa\u00fade.\u00a0<\/span><\/p>\n<p><span style=\"font-weight: 400;\">Ocupamos uma \u00e1rea total de 906m\u00b2 cuidadosamente projetada para contar com \u00e1reas apropriadas para a produ\u00e7\u00e3o de nutri\u00e7\u00e3o parenteral e enteral que seguissem a legisla\u00e7\u00e3o vigente e, contassem com os mais altos padr\u00f5es de qualidade.\u00a0<\/span><\/p>\n<p><span style=\"font-weight: 400;\">H\u00e1 alguns anos, conquistamos &#8211; e, orgulhosamente, mantemos &#8211; o Selo de Qualifica\u00e7\u00e3o ONA \u2013 Organiza\u00e7\u00e3o Nacional de Acredita\u00e7\u00e3o nas modalidades \u201cServi\u00e7o de Manipula\u00e7\u00e3o e Aten\u00e7\u00e3o Farmac\u00eautica para a Sa\u00fade\u201d e \u201cServi\u00e7o de Dietoterapia para a Sa\u00fade\u201d.<\/span><\/p>\n<p><span style=\"font-weight: 400;\">Com isso, tornamo-nos a \u00fanica empresa da regi\u00e3o especializada na \u00e1rea de Terapia Nutricional Parenteral e Enteral a possuir dois selos de qualifica\u00e7\u00e3o ONA.<\/span><\/p>\n<p><span style=\"font-weight: 400;\">Atualmente, a NUTRIMED atende clientes nos estados do Rio de Janeiro e Esp\u00edrito Santo, sempre focada na seguran\u00e7a e melhoria cont\u00ednua dos processos e no fornecimento de produtos e servi\u00e7os de alta qualidade.\u00a0<\/span><\/p>\n<p><span style=\"font-weight: 400;\">Acreditamos que resultados externos s\u00e3o frutos de processos internos, por isso temos investido numa Cultura Organizacional forte, visando consolidar e disseminar os valores que trazem sentido \u00e0 empresa, al\u00e9m de fortalecer seu Prop\u00f3sito.<\/span><\/p>\n<p><span style=\"font-weight: 400;\">A pequena empresa criada em 1996 hoje \u00e9 um dos principais players de sua regi\u00e3o, compartilhando com clientes e colaboradores aquele que sempre foi o ingrediente principal de sua receita de sucesso: o comprometimento.<\/span><\/p>\n<\/div>\n<p>[\/vc_column_text][vc_empty_space height=&#8221;64px&#8221;][vc_video link=&#8221;https:\/\/youtu.be\/pVRyDb4_VEE&#8221;][vc_empty_space][\/vc_column][\/vc_row][vc_row css=&#8221;.vc_custom_1554578248995{padding-top: 30px !important;padding-bottom: 30px !important;}&#8221;][vc_column width=&#8221;1\/5&#8243;][vc_column_text]<img decoding=\"async\" loading=\"lazy\" class=\"aligncenter wp-image-59\" src=\"http:\/\/www.nutrimedrj.com.br\/wp-content\/uploads\/2019\/04\/home-05-controle-microbiologico.png\" alt=\"\" width=\"44\" height=\"50\" \/><\/p>\n<p class=\"azul\" style=\"text-align: center;\"><strong>Controle Microbiol\u00f3gico<\/strong><br \/>\nde 100% das f\u00f3rmulas<\/p>\n<p>[\/vc_column_text][\/vc_column][vc_column width=&#8221;1\/5&#8243;][vc_column_text]<img decoding=\"async\" loading=\"lazy\" class=\"aligncenter wp-image-61\" src=\"http:\/\/www.nutrimedrj.com.br\/wp-content\/uploads\/2019\/04\/home-06-rastreabilidade.png\" alt=\"\" width=\"49\" height=\"50\" \/><\/p>\n<p class=\"azul\" style=\"text-align: center;\"><strong>Rastreabilidade<\/strong><\/p>\n<p>[\/vc_column_text][\/vc_column][vc_column width=&#8221;1\/5&#8243;][vc_column_text]<img decoding=\"async\" loading=\"lazy\" class=\"aligncenter wp-image-62\" src=\"http:\/\/www.nutrimedrj.com.br\/wp-content\/uploads\/2019\/04\/home-07-insumos.png\" alt=\"\" width=\"55\" height=\"70\" \/><\/p>\n<p class=\"azul\" style=\"text-align: center;\"><strong>Insumos de Alta Qualidade<\/strong><br \/>\nno mercado internacional<\/p>\n<p>[\/vc_column_text][\/vc_column][vc_column width=&#8221;1\/5&#8243;][vc_column_text]<img decoding=\"async\" loading=\"lazy\" class=\"aligncenter wp-image-63\" src=\"http:\/\/www.nutrimedrj.com.br\/wp-content\/uploads\/2019\/04\/home-08-validacao.png\" alt=\"\" width=\"51\" height=\"60\" \/><\/p>\n<p class=\"azul\" style=\"text-align: center;\"><strong>Valida\u00e7\u00e3o<\/strong><br \/>\ntodos os processos at\u00e9 o transporte para entrega das f\u00f3rmulas.<\/p>\n<p>[\/vc_column_text][\/vc_column][vc_column width=&#8221;1\/5&#8243;][vc_column_text]<\/p>\n<p style=\"text-align: center;\"><img decoding=\"async\" loading=\"lazy\" class=\"wp-image-64 aligncenter\" src=\"http:\/\/www.nutrimedrj.com.br\/wp-content\/uploads\/2019\/04\/home-09-qualidade.png\" alt=\"\" width=\"80\" height=\"50\" \/><\/p>\n<p class=\"azul\" style=\"text-align: center;\"><strong>Qualidade e Confiabilidade<\/strong><br \/>\ngarantidos ao produto final que ser\u00e1 entregue ao paciente.<\/p>\n<p>[\/vc_column_text][\/vc_column][\/vc_row][vc_row full_width=&#8221;stretch_row_content_no_spaces&#8221; el_class=&#8221;nao-cel&#8221;][vc_column width=&#8221;1\/3&#8243;][vc_empty_space height=&#8221;400px&#8221; css=&#8221;.vc_custom_1706798888433{background-image: url(http:\/\/www.nutrimedrj.com.br\/wp-content\/uploads\/2024\/02\/MINI-BANNER-A-NUTIRMED3.png?id=883) !important;background-position: center !important;background-repeat: no-repeat !important;background-size: cover !important;}&#8221;][\/vc_column][vc_column width=&#8221;1\/3&#8243;][vc_empty_space height=&#8221;400px&#8221; css=&#8221;.vc_custom_1706798876906{background-image: url(http:\/\/www.nutrimedrj.com.br\/wp-content\/uploads\/2024\/02\/MINI-BANNER-A-NUTIRMED2.png?id=882) !important;background-position: center !important;background-repeat: no-repeat !important;background-size: cover !important;}&#8221;][\/vc_column][vc_column width=&#8221;1\/3&#8243;][vc_empty_space height=&#8221;400px&#8221; css=&#8221;.vc_custom_1707338747662{background-image: url(http:\/\/www.nutrimedrj.com.br\/wp-content\/uploads\/2024\/02\/MINI-BANNER-A-NUTIRMED.png?id=899) !important;background-position: center !important;background-repeat: no-repeat !important;background-size: cover !important;}&#8221;][\/vc_column][\/vc_row][vc_row full_width=&#8221;stretch_row_content_no_spaces&#8221; equal_height=&#8221;yes&#8221; simple_background_color=&#8221;#f2f2f2&#8243;][vc_column width=&#8221;1\/3&#8243;][vc_column_text]<\/p>\n<div style=\"background-color: #15416f; color: #fff; text-align: center; width: 100%; padding: 20px 0px 20px 0px; font-weight: bold; font-size: 18px;\">MISS\u00c3O<\/div>\n<p>[\/vc_column_text][vc_empty_space height=&#8221;400px&#8221; css=&#8221;.vc_custom_1554578593082{background-image: url(http:\/\/www.nutrimedrj.com.br\/wp-content\/uploads\/2019\/04\/nutrimed-01.png?id=157) !important;background-position: center !important;background-repeat: no-repeat !important;background-size: cover !important;}&#8221; el_class=&#8221;so-cel&#8221;][vc_column_text css=&#8221;.vc_custom_1712784081588{padding-top: 40px !important;padding-right: 40px !important;padding-bottom: 40px !important;padding-left: 40px !important;}&#8221;]<span style=\"font-weight: 400;\">Temos o privil\u00e9gio (e a responsabilidade) de trabalhar com produtos que salvam vidas. Empresas comuns possuem clientes, mas a NUTRIMED possui algo muito maior: uma miss\u00e3o.<\/span><span style=\"font-weight: 400;\"> E esta miss\u00e3o \u00e9 <\/span><span style=\"font-weight: 400;\">promover vida atrav\u00e9s de Nutri\u00e7\u00e3o Enteral e Parenteral individualizadas.<\/span>[\/vc_column_text][\/vc_column][vc_column width=&#8221;1\/3&#8243;][vc_column_text]<\/p>\n<div style=\"background-color: #00559c; color: #fff; text-align: center; width: 100%; padding: 20px 0px 20px 0px; font-weight: bold; font-size: 18px;\">VIS\u00c3O<\/div>\n<p>[\/vc_column_text][vc_empty_space height=&#8221;400px&#8221; css=&#8221;.vc_custom_1554578601766{background-image: url(http:\/\/www.nutrimedrj.com.br\/wp-content\/uploads\/2019\/04\/nutrimed-02.png?id=158) !important;background-position: center !important;background-repeat: no-repeat !important;background-size: cover !important;}&#8221; el_class=&#8221;so-cel&#8221;][vc_column_text css=&#8221;.vc_custom_1711632668160{padding-top: 40px !important;padding-right: 40px !important;padding-bottom: 40px !important;padding-left: 40px !important;}&#8221;]<span style=\"font-weight: 400;\">\u201cSer reconhecida como a melhor op\u00e7\u00e3o em Nutri\u00e7\u00e3o Enteral e Parenteral nos estados do Rio de Janeiro e do Esp\u00edrito Santo at\u00e9 2027.\u201d<\/span><\/p>\n<p><span style=\"font-weight: 400;\">A diferen\u00e7a entre uma vis\u00e3o e uma ilus\u00e3o est\u00e1 nas a\u00e7\u00f5es que s\u00e3o tomadas para que ela se concretize. A NUTRIMED tem uma vis\u00e3o, e todo o nosso planejamento estrat\u00e9gico \u00e9 cuidadosamente elaborado de acordo com ela.<\/span>[\/vc_column_text][\/vc_column][vc_column width=&#8221;1\/3&#8243;][vc_column_text]<\/p>\n<div style=\"background-color: #0085aa; color: #fff; text-align: center; width: 100%; padding: 20px 0px 20px 0px; font-weight: bold; font-size: 18px;\">VALORES<\/div>\n<p>[\/vc_column_text][vc_empty_space height=&#8221;400px&#8221; css=&#8221;.vc_custom_1554578608300{background-image: url(http:\/\/www.nutrimedrj.com.br\/wp-content\/uploads\/2019\/04\/nutrimed-03.png?id=159) !important;background-position: center !important;background-repeat: no-repeat !important;background-size: cover !important;}&#8221; el_class=&#8221;so-cel&#8221;][vc_column_text css=&#8221;.vc_custom_1711632788549{padding-top: 40px !important;padding-right: 40px !important;padding-bottom: 40px !important;padding-left: 40px !important;}&#8221;]<\/p>\n<p style=\"text-align: center;\"><span style=\"font-weight: 400;\">Amor \u00e0 Vida;<\/span><\/p>\n<p style=\"text-align: center;\"><span style=\"font-weight: 400;\">Seguran\u00e7a;<\/span><\/p>\n<p style=\"text-align: center;\"><span style=\"font-weight: 400;\">Crescimento;<\/span><\/p>\n<p style=\"text-align: center;\"><span style=\"font-weight: 400;\">Agilidade;<\/span><\/p>\n<p style=\"text-align: center;\"><span style=\"font-weight: 400;\">Excel\u00eancia.<\/span><\/p>\n<p>[\/vc_column_text][\/vc_column][\/vc_row]<\/p>\n","protected":false},"excerpt":{"rendered":"<p>[vc_row full_width=&#8221;stretch_row_content_no_spaces&#8221; el_class=&#8221;banner-img&#8221; css=&#8221;.vc_custom_1554818339026{margin-bottom: 60px !important;}&#8221;][vc_column offset=&#8221;vc_hidden-xs&#8221;][vc_empty_space height=&#8221;450px&#8221; css=&#8221;.vc_custom_1707338660970{background-image: url(http:\/\/www.nutrimedrj.com.br\/wp-content\/uploads\/2024\/02\/BANNER-A-NUTRIMED4.png?id=898) !important;background-position: center !important;background-repeat: no-repeat !important;background-size: cover !important;}&#8221;][\/vc_column][vc_column offset=&#8221;vc_hidden-lg vc_hidden-md vc_hidden-sm&#8221;][vc_empty_space height=&#8221;200px&#8221; css=&#8221;.vc_custom_1612900849474{background-image: url(http:\/\/www.nutrimedrj.com.br\/wp-content\/uploads\/2021\/02\/bannerfachada.jpg?id=645) !important;background-position: center !important;background-repeat: no-repeat !important;background-size: cover !important;}&#8221;][\/vc_column][\/vc_row][vc_row][vc_column][vc_column_text] A Nutrimed A NUTRIMED nasceu em 1996 como a franquia [&hellip;]<\/p>\n","protected":false},"author":1,"featured_media":0,"parent":0,"menu_order":0,"comment_status":"closed","ping_status":"closed","template":"","meta":[],"_links":{"self":[{"href":"https:\/\/www.nutrimedrj.com.br\/index.php\/wp-json\/wp\/v2\/pages\/662"}],"collection":[{"href":"https:\/\/www.nutrimedrj.com.br\/index.php\/wp-json\/wp\/v2\/pages"}],"about":[{"href":"https:\/\/www.nutrimedrj.com.br\/index.php\/wp-json\/wp\/v2\/types\/page"}],"author":[{"embeddable":true,"href":"https:\/\/www.nutrimedrj.com.br\/index.php\/wp-json\/wp\/v2\/users\/1"}],"replies":[{"embeddable":true,"href":"https:\/\/www.nutrimedrj.com.br\/index.php\/wp-json\/wp\/v2\/comments?post=662"}],"version-history":[{"count":4,"href":"https:\/\/www.nutrimedrj.com.br\/index.php\/wp-json\/wp\/v2\/pages\/662\/revisions"}],"predecessor-version":[{"id":1393,"href":"https:\/\/www.nutrimedrj.com.br\/index.php\/wp-json\/wp\/v2\/pages\/662\/revisions\/1393"}],"wp:attachment":[{"href":"https:\/\/www.nutrimedrj.com.br\/index.php\/wp-json\/wp\/v2\/media?parent=662"}],"curies":[{"name":"wp","href":"https:\/\/api.w.org\/{rel}","templated":true}]}}